{"id":3613,"date":"2024-04-11T19:18:41","date_gmt":"2024-04-11T17:18:41","guid":{"rendered":"https:\/\/restaurant-momentum.fr\/karte\/gerichte\/zeitpunkt-tag\/"},"modified":"2026-04-27T11:00:11","modified_gmt":"2026-04-27T09:00:11","slug":"zeitpunkt-tag","status":"publish","type":"page","link":"https:\/\/restaurant-momentum.fr\/de\/karte\/gerichte\/zeitpunkt-tag\/","title":{"rendered":"Zeitpunkt Tag"},"content":{"rendered":"\t\t<div data-elementor-type=\"wp-page\" data-elementor-id=\"3613\" class=\"elementor elementor-3613 elementor-3463\" data-elementor-post-type=\"page\">\n\t\t\t\t\t\t<section data-dce-background-image-url=\"https:\/\/restaurant-momentum.fr\/wp-content\/uploads\/2023\/01\/banner-snack.jpg\" class=\"elementor-section elementor-top-section elementor-element elementor-element-900d000 elementor-section-height-min-height colo elementor-section-boxed elementor-section-height-default elementor-section-items-middle\" data-id=\"900d000\" data-element_type=\"section\" data-settings=\"{&quot;jet_parallax_layout_list&quot;:[],&quot;background_background&quot;:&quot;classic&quot;}\">\n\t\t\t\t\t\t\t<div class=\"elementor-background-overlay\"><\/div>\n\t\t\t\t\t\t\t<div class=\"elementor-container elementor-column-gap-default\">\n\t\t\t\t\t<div class=\"elementor-column elementor-col-100 elementor-top-column elementor-element elementor-element-0198222\" data-id=\"0198222\" data-element_type=\"column\">\n\t\t\t<div class=\"elementor-widget-wrap elementor-element-populated\">\n\t\t\t\t\t\t<div class=\"elementor-element elementor-element-28e3d17 elementor-widget elementor-widget-heading\" data-id=\"28e3d17\" data-element_type=\"widget\" data-widget_type=\"heading.default\">\n\t\t\t\t<div class=\"elementor-widget-container\">\n\t\t\t\t\t<h2 class=\"elementor-heading-title elementor-size-default\">Der Moment Tag<\/h2>\t\t\t\t<\/div>\n\t\t\t\t<\/div>\n\t\t\t\t<div data-dce-title-color=\"#FFFFFF\" class=\"elementor-element elementor-element-6992728 elementor-widget elementor-widget-heading\" data-id=\"6992728\" data-element_type=\"widget\" data-widget_type=\"heading.default\">\n\t\t\t\t<div class=\"elementor-widget-container\">\n\t\t\t\t\t<h2 class=\"elementor-heading-title elementor-size-default\">Kleine Mahlzeiten werden t\u00e4glich w\u00e4hrend der \u00d6ffnungszeiten serviert.<\/h2>\t\t\t\t<\/div>\n\t\t\t\t<\/div>\n\t\t\t\t\t<\/div>\n\t\t<\/div>\n\t\t\t\t\t<\/div>\n\t\t<\/section>\n\t\t\t\t<section class=\"elementor-section elementor-top-section elementor-element elementor-element-c1494a4 elementor-section-content-middle colo elementor-section-boxed elementor-section-height-default elementor-section-height-default\" data-id=\"c1494a4\" data-element_type=\"section\" data-settings=\"{&quot;jet_parallax_layout_list&quot;:[]}\">\n\t\t\t\t\t\t<div class=\"elementor-container elementor-column-gap-default\">\n\t\t\t\t\t<div class=\"elementor-column elementor-col-100 elementor-top-column elementor-element elementor-element-6e849c4\" data-id=\"6e849c4\" data-element_type=\"column\" data-settings=\"{&quot;background_background&quot;:&quot;classic&quot;}\">\n\t\t\t<div class=\"elementor-widget-wrap elementor-element-populated\">\n\t\t\t\t\t\t<div class=\"elementor-element elementor-element-a067d41 elementor-widget__width-initial elementor-hidden-desktop elementor-hidden-tablet elementor-hidden-mobile elementor-widget elementor-widget-jet-price-list\" data-id=\"a067d41\" data-element_type=\"widget\" data-widget_type=\"jet-price-list.default\">\n\t\t\t\t<div class=\"elementor-widget-container\">\n\t\t\t\t\t<div class=\"elementor-jet-price-list jet-elements\">\n<ul class=\"jet-price-list\"><li class=\"price-list__item\"><div class=\"price-list__item-inner\"><div class=\"price-list__item-content\"><div class=\"price-list__item-title__wrapper\"><h5 class=\"price-list__item-title\">lE PAST\u00c9 DE CAMPAGNE du \"tuy\u00e9<\/h5><div class=\"price-list__item-separator\"><\/div><div class=\"price-list__item-price\">12\u20ac<\/div><\/div><div class=\"price-list__item-desc\">Serviert mit unseren hausgemachten Gurkengurken, Toast.<\/div><\/div><\/div><\/li><li class=\"price-list__item\"><div class=\"price-list__item-inner\"><div class=\"price-list__item-content\"><div class=\"price-list__item-title__wrapper\"><h5 class=\"price-list__item-title\">Die RILLETTEN aus dem \"Tuje\".<\/h5><div class=\"price-list__item-separator\"><\/div><div class=\"price-list__item-price\">12\u20ac<\/div><\/div><div class=\"price-list__item-desc\">Rillettes vom gebratenen Huhn mit Koriander, serviert mit unseren hausgemachten Gurkenpickles, Toast.<\/div><\/div><\/div><\/li><li class=\"price-list__item\"><div class=\"price-list__item-inner\"><div class=\"price-list__item-content\"><div class=\"price-list__item-title__wrapper\"><h5 class=\"price-list__item-title\">MORBIERCREME<\/h5><div class=\"price-list__item-separator\"><\/div><div class=\"price-list__item-price\">6\u20ac<\/div><\/div><div class=\"price-list__item-desc\">Hausgemachte Morbiercreme mit Aufstrich, serviert mit Toast.<\/div><\/div><\/div><\/li><li class=\"price-list__item\"><div class=\"price-list__item-inner\"><div class=\"price-list__item-content\"><div class=\"price-list__item-title__wrapper\"><h5 class=\"price-list__item-title\">Der Keks<\/h5><div class=\"price-list__item-separator\"><\/div><div class=\"price-list__item-price\">4\u20ac<\/div><\/div><div class=\"price-list__item-desc\">Frisch gebacken, mit Schokolade, Haseln\u00fcssen und Mandeln ....Ein Konzentrat an Genuss! <\/div><\/div><\/div><\/li><li class=\"price-list__item\"><div class=\"price-list__item-inner\"><div class=\"price-list__item-content\"><div class=\"price-list__item-title__wrapper\"><h5 class=\"price-list__item-title\">Charlotte handwerkliches Eis<\/h5><div class=\"price-list__item-separator\"><\/div><div class=\"price-list__item-price\">3 \u20ac<\/div><\/div><div class=\"price-list__item-desc\">Siehe Karte Moment Saison<\/div><\/div><\/div><\/li><\/ul><\/div>\t\t\t\t<\/div>\n\t\t\t\t<\/div>\n\t\t\t\t<div class=\"elementor-element elementor-element-41c4124 elementor-widget__width-initial elementor-widget elementor-widget-jet-price-list\" data-id=\"41c4124\" data-element_type=\"widget\" data-widget_type=\"jet-price-list.default\">\n\t\t\t\t<div class=\"elementor-widget-container\">\n\t\t\t\t\t<div class=\"elementor-jet-price-list jet-elements\">\n<ul class=\"jet-price-list\"><li class=\"price-list__item\"><div class=\"price-list__item-inner\"><div class=\"price-list__item-content\"><div class=\"price-list__item-title__wrapper\"><h5 class=\"price-list__item-title\">Hot Dog &amp; CHIPS<\/h5><div class=\"price-list__item-separator\"><\/div><div class=\"price-list__item-price\">8\u20ac<\/div><\/div><div class=\"price-list__item-desc\">Handgemachtes Wiener Brot, Tuy\u00e9 Knack, Honigsenf, hausgemachter Ketchup, rote Zwiebelgurken, serviert mit Chips<\/div><\/div><\/div><\/li><li class=\"price-list__item\"><div class=\"price-list__item-inner\"><div class=\"price-list__item-content\"><div class=\"price-list__item-title__wrapper\"><h5 class=\"price-list__item-title\">Club Sandwich Comtois <\/h5><div class=\"price-list__item-separator\"><\/div><div class=\"price-list__item-price\">8\u20ac<\/div><\/div><div class=\"price-list__item-desc\">Toastbrot mit handwerklichen K\u00f6rnern, ger\u00e4ucherter wei\u00dfer Schinken aus Tuy\u00e9, Comt\u00e9, Rohkost, Aioli mit altem Senf.<\/div><\/div><\/div><\/li><li class=\"price-list__item\"><div class=\"price-list__item-inner\"><div class=\"price-list__item-content\"><div class=\"price-list__item-title__wrapper\"><h5 class=\"price-list__item-title\">Veggie-Sandwich-Club<\/h5><div class=\"price-list__item-separator\"><\/div><div class=\"price-list__item-price\">8\u20ac<\/div><\/div><div class=\"price-list__item-desc\">Tomatisiertes Toastbrot mit Oliven, Hummus mit getrockneten Tomaten, Tomme du Jura, Rohkost, Balsamico-Aioli.  <\/div><\/div><\/div><\/li><li class=\"price-list__item\"><div class=\"price-list__item-inner\"><div class=\"price-list__item-content\"><div class=\"price-list__item-title__wrapper\"><h5 class=\"price-list__item-title\">lE PAST\u00c9 DE CAMPAGNE du \"tuy\u00e9\" (Landpastete)<\/h5><div class=\"price-list__item-separator\"><\/div><div class=\"price-list__item-price\">12\u20ac<\/div><\/div><div class=\"price-list__item-desc\">Serviert mit unseren hausgemachten Gurkengurken, Toast.<\/div><\/div><\/div><\/li><li class=\"price-list__item\"><div class=\"price-list__item-inner\"><div class=\"price-list__item-content\"><div class=\"price-list__item-title__wrapper\"><h5 class=\"price-list__item-title\">Die RILLETTEN aus dem \"Tuje\".<\/h5><div class=\"price-list__item-separator\"><\/div><div class=\"price-list__item-price\">12\u20ac<\/div><\/div><div class=\"price-list__item-desc\">Rillettes vom gebratenen Huhn mit Koriander, serviert mit unseren hausgemachten Gurkenpickles, Toast.<\/div><\/div><\/div><\/li><li class=\"price-list__item\"><div class=\"price-list__item-inner\"><div class=\"price-list__item-content\"><div class=\"price-list__item-title__wrapper\"><h5 class=\"price-list__item-title\">MORBIERCREME<\/h5><div class=\"price-list__item-separator\"><\/div><div class=\"price-list__item-price\">6\u20ac<\/div><\/div><div class=\"price-list__item-desc\">Hausgemachte Morbiercreme mit Aufstrich, serviert mit Toast.<\/div><\/div><\/div><\/li><li class=\"price-list__item\"><div class=\"price-list__item-inner\"><div class=\"price-list__item-content\"><div class=\"price-list__item-title__wrapper\"><h5 class=\"price-list__item-title\">Der Keks<\/h5><div class=\"price-list__item-separator\"><\/div><div class=\"price-list__item-price\">4\u20ac<\/div><\/div><div class=\"price-list__item-desc\">Frisch gebacken, mit Schokolade, Haseln\u00fcssen und Mandeln ....Ein Konzentrat an Genuss! <\/div><\/div><\/div><\/li><li class=\"price-list__item\"><div class=\"price-list__item-inner\"><div class=\"price-list__item-content\"><div class=\"price-list__item-title__wrapper\"><h5 class=\"price-list__item-title\">Charlotte handwerkliches Eis<\/h5><div class=\"price-list__item-separator\"><\/div><\/div><div class=\"price-list__item-desc\">Siehe Karte Moment Saison<\/div><\/div><\/div><\/li><\/ul><\/div>\t\t\t\t<\/div>\n\t\t\t\t<\/div>\n\t\t\t\t\t<\/div>\n\t\t<\/div>\n\t\t\t\t\t<\/div>\n\t\t<\/section>\n\t\t\t\t<section class=\"elementor-section elementor-top-section elementor-element elementor-element-07a571a colo elementor-section-boxed elementor-section-height-default elementor-section-height-default\" data-id=\"07a571a\" data-element_type=\"section\" data-settings=\"{&quot;jet_parallax_layout_list&quot;:[],&quot;background_background&quot;:&quot;classic&quot;}\">\n\t\t\t\t\t\t<div class=\"elementor-container elementor-column-gap-default\">\n\t\t\t\t\t<div class=\"elementor-column elementor-col-100 elementor-top-column elementor-element elementor-element-d7db601\" data-id=\"d7db601\" data-element_type=\"column\">\n\t\t\t<div class=\"elementor-widget-wrap elementor-element-populated\">\n\t\t\t\t\t\t<div class=\"elementor-element elementor-element-99a2e49 elementor-widget elementor-widget-heading\" data-id=\"99a2e49\" data-element_type=\"widget\" data-widget_type=\"heading.default\">\n\t\t\t\t<div class=\"elementor-widget-container\">\n\t\t\t\t\t<h2 class=\"elementor-heading-title elementor-size-default\">Unsere anderen Momente<\/h2>\t\t\t\t<\/div>\n\t\t\t\t<\/div>\n\t\t\t\t<section class=\"elementor-section elementor-inner-section elementor-element elementor-element-5ef5a42 elementor-section-boxed elementor-section-height-default elementor-section-height-default\" data-id=\"5ef5a42\" data-element_type=\"section\" data-settings=\"{&quot;jet_parallax_layout_list&quot;:[]}\">\n\t\t\t\t\t\t<div class=\"elementor-container elementor-column-gap-default\">\n\t\t\t\t\t<div class=\"elementor-column elementor-col-50 elementor-inner-column elementor-element elementor-element-c4b3051\" data-id=\"c4b3051\" data-element_type=\"column\">\n\t\t\t<div class=\"elementor-widget-wrap elementor-element-populated\">\n\t\t\t\t\t\t<div class=\"elementor-element elementor-element-7b3b40d elementor-invisible elementor-widget elementor-widget-jet-button\" data-id=\"7b3b40d\" data-element_type=\"widget\" data-settings=\"{&quot;_animation&quot;:&quot;fadeInUp&quot;,&quot;_animation_delay&quot;:400}\" data-widget_type=\"jet-button.default\">\n\t\t\t\t<div class=\"elementor-widget-container\">\n\t\t\t\t\t<div class=\"elementor-jet-button jet-elements\"><div class=\"jet-button__container\">\n\t<a class=\"jet-button__instance jet-button__instance--icon-left hover-effect-2\" href=\"https:\/\/restaurant-momentum.fr\/carte\/plats\/moment-saison\/\">\n\t\t<div class=\"jet-button__plane jet-button__plane-normal\"><\/div>\n\t\t<div class=\"jet-button__plane jet-button__plane-hover\"><\/div>\n\t\t<div class=\"jet-button__state jet-button__state-normal\">\n\t\t\t<span class=\"jet-button__label\">Moment Saison (Die Karte)<\/span>\t\t<\/div>\n\t\t<div class=\"jet-button__state jet-button__state-hover\">\n\t\t\t<span class=\"jet-button__label\">Moment Saison (Die Karte)<\/span>\t\t<\/div>\n\t<\/a>\n<\/div>\n<\/div>\t\t\t\t<\/div>\n\t\t\t\t<\/div>\n\t\t\t\t\t<\/div>\n\t\t<\/div>\n\t\t\t\t<div class=\"elementor-column elementor-col-50 elementor-inner-column elementor-element elementor-element-9ff4ceb jedv-enabled--yes elementor-hidden-desktop elementor-hidden-tablet elementor-hidden-mobile\" data-id=\"9ff4ceb\" data-element_type=\"column\">\n\t\t\t<div class=\"elementor-widget-wrap elementor-element-populated\">\n\t\t\t\t\t\t<div class=\"elementor-element elementor-element-d553b42 elementor-invisible elementor-widget elementor-widget-jet-button\" data-id=\"d553b42\" data-element_type=\"widget\" data-settings=\"{&quot;_animation&quot;:&quot;fadeInUp&quot;,&quot;_animation_delay&quot;:400}\" data-widget_type=\"jet-button.default\">\n\t\t\t\t<div class=\"elementor-widget-container\">\n\t\t\t\t\t<div class=\"elementor-jet-button jet-elements\"><div class=\"jet-button__container\">\n\t<a class=\"jet-button__instance jet-button__instance--icon-left hover-effect-2\" href=\"https:\/\/restaurant-momentum.fr\/carte\/plats\/moment-midi\/\">\n\t\t<div class=\"jet-button__plane jet-button__plane-normal\"><\/div>\n\t\t<div class=\"jet-button__plane jet-button__plane-hover\"><\/div>\n\t\t<div class=\"jet-button__state jet-button__state-normal\">\n\t\t\t<span class=\"jet-button__label\">Mittagsmoment (Mittagsformel)<\/span>\t\t<\/div>\n\t\t<div class=\"jet-button__state jet-button__state-hover\">\n\t\t\t<span class=\"jet-button__label\">Mittagsmoment (Mittagsformel)<\/span>\t\t<\/div>\n\t<\/a>\n<\/div>\n<\/div>\t\t\t\t<\/div>\n\t\t\t\t<\/div>\n\t\t\t\t\t<\/div>\n\t\t<\/div>\n\t\t\t\t\t<\/div>\n\t\t<\/section>\n\t\t\t\t<section class=\"elementor-section elementor-inner-section elementor-element elementor-element-0f107a8 elementor-hidden-desktop elementor-hidden-tablet elementor-hidden-mobile elementor-section-boxed elementor-section-height-default elementor-section-height-default\" data-id=\"0f107a8\" data-element_type=\"section\" data-settings=\"{&quot;jet_parallax_layout_list&quot;:[]}\">\n\t\t\t\t\t\t<div class=\"elementor-container elementor-column-gap-default\">\n\t\t\t\t\t<div class=\"elementor-column elementor-col-100 elementor-inner-column elementor-element elementor-element-074b907\" data-id=\"074b907\" data-element_type=\"column\">\n\t\t\t<div class=\"elementor-widget-wrap elementor-element-populated\">\n\t\t\t\t\t\t<div class=\"elementor-element elementor-element-0455081 elementor-invisible elementor-widget elementor-widget-jet-button\" data-id=\"0455081\" data-element_type=\"widget\" data-settings=\"{&quot;_animation&quot;:&quot;fadeInUp&quot;,&quot;_animation_delay&quot;:400}\" data-widget_type=\"jet-button.default\">\n\t\t\t\t<div class=\"elementor-widget-container\">\n\t\t\t\t\t<div class=\"elementor-jet-button jet-elements\"><div class=\"jet-button__container\">\n\t<a class=\"jet-button__instance jet-button__instance--icon-left hover-effect-2\" href=\"https:\/\/restaurant-momentum.fr\/carte\/plats\/moment-saison\/\">\n\t\t<div class=\"jet-button__plane jet-button__plane-normal\"><\/div>\n\t\t<div class=\"jet-button__plane jet-button__plane-hover\"><\/div>\n\t\t<div class=\"jet-button__state jet-button__state-normal\">\n\t\t\t<span class=\"jet-button__label\">Moment Saison (Die Karte)<\/span>\t\t<\/div>\n\t\t<div class=\"jet-button__state jet-button__state-hover\">\n\t\t\t<span class=\"jet-button__label\">Moment Saison (Die Karte)<\/span>\t\t<\/div>\n\t<\/a>\n<\/div>\n<\/div>\t\t\t\t<\/div>\n\t\t\t\t<\/div>\n\t\t\t\t\t<\/div>\n\t\t<\/div>\n\t\t\t\t\t<\/div>\n\t\t<\/section>\n\t\t\t\t\t<\/div>\n\t\t<\/div>\n\t\t\t\t\t<\/div>\n\t\t<\/section>\n\t\t\t\t<section class=\"elementor-section elementor-top-section elementor-element elementor-element-7d7d906 colo elementor-section-boxed elementor-section-height-default elementor-section-height-default\" data-id=\"7d7d906\" data-element_type=\"section\" data-settings=\"{&quot;jet_parallax_layout_list&quot;:[],&quot;background_background&quot;:&quot;classic&quot;}\">\n\t\t\t\t\t\t<div class=\"elementor-container elementor-column-gap-default\">\n\t\t\t\t\t<div class=\"elementor-column elementor-col-100 elementor-top-column elementor-element elementor-element-4933600\" data-id=\"4933600\" data-element_type=\"column\">\n\t\t\t<div class=\"elementor-widget-wrap elementor-element-populated\">\n\t\t\t\t\t\t<div class=\"elementor-element elementor-element-ceb831f elementor-invisible elementor-widget elementor-widget-jet-button\" data-id=\"ceb831f\" data-element_type=\"widget\" data-settings=\"{&quot;_animation&quot;:&quot;fadeInUp&quot;}\" data-widget_type=\"jet-button.default\">\n\t\t\t\t<div class=\"elementor-widget-container\">\n\t\t\t\t\t<div class=\"elementor-jet-button jet-elements\"><div class=\"jet-button__container\">\n\t<a class=\"jet-button__instance jet-button__instance--icon-left hover-effect-2\" href=\"https:\/\/restaurant-momentum.fr\/carte\/boissons\/\">\n\t\t<div class=\"jet-button__plane jet-button__plane-normal\"><\/div>\n\t\t<div class=\"jet-button__plane jet-button__plane-hover\"><\/div>\n\t\t<div class=\"jet-button__state jet-button__state-normal\">\n\t\t\t<span class=\"jet-button__label\">siehe Getr\u00e4nkekarte<\/span>\t\t<\/div>\n\t\t<div class=\"jet-button__state jet-button__state-hover\">\n\t\t\t<span class=\"jet-button__label\">siehe Getr\u00e4nkekarte<\/span>\t\t<\/div>\n\t<\/a>\n<\/div>\n<\/div>\t\t\t\t<\/div>\n\t\t\t\t<\/div>\n\t\t\t\t\t<\/div>\n\t\t<\/div>\n\t\t\t\t\t<\/div>\n\t\t<\/section>\n\t\t\t\t<\/div>\n\t\t","protected":false},"excerpt":{"rendered":"<p>Der Moment Tag Kleine Mahlzeiten werden t\u00e4glich w\u00e4hrend der \u00d6ffnungszeiten serviert. lE PAST\u00c9 DE CAMPAGNE du &#8222;tuy\u00e9 12\u20acServiert mit unseren hausgemachten Gurkengurken, Toast. Die RILLETTEN aus dem &#8222;Tuje&#8220;. 12\u20acRillettes vom gebratenen Huhn mit Koriander, serviert mit unseren hausgemachten Gurkenpickles, Toast. MORBIERCREME 6\u20acHausgemachte Morbiercreme mit Aufstrich, serviert mit Toast. Der Keks 4\u20acFrisch gebacken, mit Schokolade, Haseln\u00fcssen [&hellip;]<\/p>\n","protected":false},"author":1,"featured_media":0,"parent":1376,"menu_order":0,"comment_status":"closed","ping_status":"closed","template":"elementor_header_footer","meta":{"footnotes":""},"class_list":["post-3613","page","type-page","status-publish","hentry"],"_links":{"self":[{"href":"https:\/\/restaurant-momentum.fr\/de\/wp-json\/wp\/v2\/pages\/3613","targetHints":{"allow":["GET"]}}],"collection":[{"href":"https:\/\/restaurant-momentum.fr\/de\/wp-json\/wp\/v2\/pages"}],"about":[{"href":"https:\/\/restaurant-momentum.fr\/de\/wp-json\/wp\/v2\/types\/page"}],"author":[{"embeddable":true,"href":"https:\/\/restaurant-momentum.fr\/de\/wp-json\/wp\/v2\/users\/1"}],"replies":[{"embeddable":true,"href":"https:\/\/restaurant-momentum.fr\/de\/wp-json\/wp\/v2\/comments?post=3613"}],"version-history":[{"count":88,"href":"https:\/\/restaurant-momentum.fr\/de\/wp-json\/wp\/v2\/pages\/3613\/revisions"}],"predecessor-version":[{"id":5390,"href":"https:\/\/restaurant-momentum.fr\/de\/wp-json\/wp\/v2\/pages\/3613\/revisions\/5390"}],"up":[{"embeddable":true,"href":"https:\/\/restaurant-momentum.fr\/de\/wp-json\/wp\/v2\/pages\/1376"}],"wp:attachment":[{"href":"https:\/\/restaurant-momentum.fr\/de\/wp-json\/wp\/v2\/media?parent=3613"}],"curies":[{"name":"wp","href":"https:\/\/api.w.org\/{rel}","templated":true}]}}